{"id":3355,"date":"2024-10-07T11:27:39","date_gmt":"2024-10-07T11:27:39","guid":{"rendered":"https:\/\/twirl.co.ke\/?post_type=product&#038;p=3355"},"modified":"2024-11-07T06:31:47","modified_gmt":"2024-11-07T06:31:47","slug":"doritos-mild-salsa-300g","status":"publish","type":"product","link":"https:\/\/twirl.co.ke\/index.php\/product\/doritos-mild-salsa-300g\/","title":{"rendered":"DORITOS MILD SALSA 300G"},"content":{"rendered":"<div class=\"styled__Content-mfe-pdp__sc-1od89q4-2 inzabT\"><span class=\"styled__Block-mfe-pdp__sc-1od89q4-1 bICtby\">Mild Salsa<\/span><\/div>\n<div class=\"styled__Content-mfe-pdp__sc-1od89q4-2 inzabT\"><span class=\"styled__Block-mfe-pdp__sc-1od89q4-1 bICtby\">&#8211; Load up your Doritos tortilla chips with Mild Salsa Dip to unleash the full Doritos taste experience<\/span><span class=\"styled__Block-mfe-pdp__sc-1od89q4-1 bICtby\">&#8211; Doritos tangy Mild Salsa dip makes your snacking experience even bolder<\/span><span class=\"styled__Block-mfe-pdp__sc-1od89q4-1 bICtby\">&#8211; The perfect dip for sharing<\/span><span class=\"styled__Block-mfe-pdp__sc-1od89q4-1 bICtby\">&#8211; Suitable for Vegetarians and contain no artificial colours or flavours<\/span><span class=\"styled__Block-mfe-pdp__sc-1od89q4-1 bICtby\">&#8211; Try Doritos tortilla chips with one of our dips for a bolder snacking experience<\/span><\/div>\n<div class=\"styled__Content-mfe-pdp__sc-1od89q4-2 inzabT\"><span class=\"styled__Block-mfe-pdp__sc-1od89q4-1 bICtby\">Doritos For The Bold &#8211; At Doritos we believe no one should settle for boring snacks. When it comes to bold flavours, we&#8217;re where it&#8217;s at. With intense flavours, full-on crunch and a triangular shape to load with dip, Doritos are the great tasting snack to share when getting together with mates. Are you BOLD enough to try the UK&#8217;s favourite Tortilla Chip brand? Unleash the full Doritos taste experience with the full range of crunchy tortilla chips and tasty dips. Bold crunch, bold flavours. Explore the full doritos range at our website.<\/span><\/div>\n<div class=\"styled__Content-mfe-pdp__sc-1od89q4-2 inzabT\"><span class=\"styled__Block-mfe-pdp__sc-1od89q4-1 bICtby\">No artificial colours or flavours<\/span><span class=\"styled__Block-mfe-pdp__sc-1od89q4-1 bICtby\">Suitable for vegetarians<\/span><\/div>\n<div class=\"styled__Content-mfe-pdp__sc-1od89q4-2 inzabT\"><span class=\"styled__Block-mfe-pdp__sc-1od89q4-1 bICtby\">Pack size: 300G<\/span><\/div>\n<div class=\"styled__Content-mfe-pdp__sc-1od89q4-2 inzabT\"><span class=\"styled__Block-mfe-pdp__sc-1od89q4-1 bICtby\">No artificial colours or flavours<\/span><span class=\"styled__Block-mfe-pdp__sc-1od89q4-1 bICtby\">Suitable for vegetarians<\/span><\/div>\n<h3 class=\"component__StyledHeading-sc-1t0ixqu-0 grEsQE ddsweb-heading styled__StyledHeading-mfe-pdp__sc-1od89q4-0 fHRDrr\">Ingredients<\/h3>\n<div class=\"styled__Content-mfe-pdp__sc-1od89q4-2 inzabT\">Tomato Pur\u00e9e (49%), Chopped Tomatoes (19%), Onion, Peppers (10%), Jalape\u00f1o Peppers (2%), Spirit Vinegar, Salt, Modified Maize Starch, Sugar, Garlic Pur\u00e9e, Coriander, Capsicum Extract<\/div>\n<h3 class=\"component__StyledHeading-sc-1t0ixqu-0 grEsQE ddsweb-heading styled__StyledHeading-mfe-pdp__sc-1od89q4-0 fHRDrr\">Number of uses<\/h3>\n<div class=\"styled__Content-mfe-pdp__sc-1od89q4-2 inzabT\">This jar contains 7-8 servings<\/div>\n<h3 class=\"component__StyledHeading-sc-1t0ixqu-0 grEsQE ddsweb-heading styled__StyledHeading-mfe-pdp__sc-1od89q4-0 fHRDrr\">Net Contents<\/h3>\n<div class=\"styled__Content-mfe-pdp__sc-1od89q4-2 inzabT\">300g \u212e<\/div>\n<h3 class=\"component__StyledHeading-sc-1t0ixqu-0 grEsQE ddsweb-heading styled__StyledHeading-mfe-pdp__sc-1od89q4-0 fHRDrr\">Preparation and Usage<\/h3>\n<div class=\"styled__Content-mfe-pdp__sc-1od89q4-2 inzabT\"><span class=\"styled__Block-mfe-pdp__sc-1od89q4-1 bICtby\">Shake before opening. Best Served Chilled.<\/span><\/div>\n<h3 class=\"component__StyledHeading-sc-1t0ixqu-0 grEsQE ddsweb-heading styled__StyledHeading-mfe-pdp__sc-1od89q4-0 fHRDrr\">Additives<\/h3>\n<div class=\"styled__Content-mfe-pdp__sc-1od89q4-2 inzabT\"><span class=\"styled__Block-mfe-pdp__sc-1od89q4-1 bICtby\">Free From Artificial Colours<\/span><span class=\"styled__Block-mfe-pdp__sc-1od89q4-1 bICtby\">Free From Flavours<\/span><\/div>\n","protected":false},"excerpt":{"rendered":"<p>Mild Salsa &#8211; Load up your Doritos tortilla chips with Mild Salsa Dip to unleash the full&#8230;<\/p>\n","protected":false},"featured_media":3356,"comment_status":"open","ping_status":"closed","template":"","meta":[],"etheme_brands":[{"term_id":169,"name":"Doritos","slug":"doritos","term_group":0,"term_taxonomy_id":169,"taxonomy":"brand","description":"","parent":0,"count":4,"filter":"raw"}],"product_brand":[],"product_cat":[51],"product_tag":[173],"class_list":{"0":"post-3355","1":"product","2":"type-product","3":"status-publish","4":"has-post-thumbnail","6":"brand-doritos","7":"product_cat-chocolates","8":"product_tag-snacks","10":"first","11":"instock","12":"shipping-taxable","13":"purchasable","14":"product-type-simple"},"yoast_head":"<!-- This site is optimized with the Yoast SEO plugin v25.0 - https:\/\/yoast.com\/wordpress\/plugins\/seo\/ -->\n<title>DORITOS MILD SALSA 300G - Twirl Enterprises<\/title>\n<meta name=\"robots\" content=\"index, follow, max-snippet:-1, max-image-preview:large, max-video-preview:-1\" \/>\n<link rel=\"canonical\" href=\"https:\/\/twirl.co.ke\/index.php\/product\/doritos-mild-salsa-300g\/\" \/>\n<meta property=\"og:locale\" content=\"en_US\" \/>\n<meta property=\"og:type\" content=\"article\" \/>\n<meta property=\"og:title\" content=\"DORITOS MILD SALSA 300G - Twirl Enterprises\" \/>\n<meta property=\"og:description\" content=\"Mild Salsa &#8211; Load up your Doritos tortilla chips with Mild Salsa Dip to unleash the full...\" \/>\n<meta property=\"og:url\" content=\"https:\/\/twirl.co.ke\/index.php\/product\/doritos-mild-salsa-300g\/\" \/>\n<meta property=\"og:site_name\" content=\"Twirl Enterprises\" \/>\n<meta property=\"article:modified_time\" content=\"2024-11-07T06:31:47+00:00\" \/>\n<meta property=\"og:image\" content=\"https:\/\/twirl.co.ke\/wp-content\/uploads\/2024\/10\/DORITOS-MILD-SALSA-300G.jpg\" \/>\n\t<meta property=\"og:image:width\" content=\"1200\" \/>\n\t<meta property=\"og:image:height\" content=\"1200\" \/>\n\t<meta property=\"og:image:type\" content=\"image\/jpeg\" \/>\n<meta name=\"twitter:card\" content=\"summary_large_image\" \/>\n<meta name=\"twitter:label1\" content=\"Est. reading time\" \/>\n\t<meta name=\"twitter:data1\" content=\"2 minutes\" \/>\n<script type=\"application\/ld+json\" class=\"yoast-schema-graph\">{\"@context\":\"https:\/\/schema.org\",\"@graph\":[{\"@type\":\"WebPage\",\"@id\":\"https:\/\/twirl.co.ke\/index.php\/product\/doritos-mild-salsa-300g\/\",\"url\":\"https:\/\/twirl.co.ke\/index.php\/product\/doritos-mild-salsa-300g\/\",\"name\":\"DORITOS MILD SALSA 300G - Twirl Enterprises\",\"isPartOf\":{\"@id\":\"https:\/\/twirl.co.ke\/#website\"},\"primaryImageOfPage\":{\"@id\":\"https:\/\/twirl.co.ke\/index.php\/product\/doritos-mild-salsa-300g\/#primaryimage\"},\"image\":{\"@id\":\"https:\/\/twirl.co.ke\/index.php\/product\/doritos-mild-salsa-300g\/#primaryimage\"},\"thumbnailUrl\":\"https:\/\/twirl.co.ke\/wp-content\/uploads\/2024\/10\/DORITOS-MILD-SALSA-300G.jpg\",\"datePublished\":\"2024-10-07T11:27:39+00:00\",\"dateModified\":\"2024-11-07T06:31:47+00:00\",\"breadcrumb\":{\"@id\":\"https:\/\/twirl.co.ke\/index.php\/product\/doritos-mild-salsa-300g\/#breadcrumb\"},\"inLanguage\":\"en-US\",\"potentialAction\":[{\"@type\":\"ReadAction\",\"target\":[\"https:\/\/twirl.co.ke\/index.php\/product\/doritos-mild-salsa-300g\/\"]}]},{\"@type\":\"ImageObject\",\"inLanguage\":\"en-US\",\"@id\":\"https:\/\/twirl.co.ke\/index.php\/product\/doritos-mild-salsa-300g\/#primaryimage\",\"url\":\"https:\/\/twirl.co.ke\/wp-content\/uploads\/2024\/10\/DORITOS-MILD-SALSA-300G.jpg\",\"contentUrl\":\"https:\/\/twirl.co.ke\/wp-content\/uploads\/2024\/10\/DORITOS-MILD-SALSA-300G.jpg\",\"width\":1200,\"height\":1200},{\"@type\":\"BreadcrumbList\",\"@id\":\"https:\/\/twirl.co.ke\/index.php\/product\/doritos-mild-salsa-300g\/#breadcrumb\",\"itemListElement\":[{\"@type\":\"ListItem\",\"position\":1,\"name\":\"Home\",\"item\":\"https:\/\/twirl.co.ke\/\"},{\"@type\":\"ListItem\",\"position\":2,\"name\":\"Shop\",\"item\":\"https:\/\/twirl.co.ke\/index.php\/shop\/\"},{\"@type\":\"ListItem\",\"position\":3,\"name\":\"DORITOS MILD SALSA 300G\"}]},{\"@type\":\"WebSite\",\"@id\":\"https:\/\/twirl.co.ke\/#website\",\"url\":\"https:\/\/twirl.co.ke\/\",\"name\":\"Twirl Enterprises\",\"description\":\"\",\"publisher\":{\"@id\":\"https:\/\/twirl.co.ke\/#organization\"},\"potentialAction\":[{\"@type\":\"SearchAction\",\"target\":{\"@type\":\"EntryPoint\",\"urlTemplate\":\"https:\/\/twirl.co.ke\/?s={search_term_string}\"},\"query-input\":{\"@type\":\"PropertyValueSpecification\",\"valueRequired\":true,\"valueName\":\"search_term_string\"}}],\"inLanguage\":\"en-US\"},{\"@type\":\"Organization\",\"@id\":\"https:\/\/twirl.co.ke\/#organization\",\"name\":\"Twirl Enterprises\",\"url\":\"https:\/\/twirl.co.ke\/\",\"logo\":{\"@type\":\"ImageObject\",\"inLanguage\":\"en-US\",\"@id\":\"https:\/\/twirl.co.ke\/#\/schema\/logo\/image\/\",\"url\":\"https:\/\/twirl.co.ke\/wp-content\/uploads\/2024\/09\/Twirl-approved-logo-01.png\",\"contentUrl\":\"https:\/\/twirl.co.ke\/wp-content\/uploads\/2024\/09\/Twirl-approved-logo-01.png\",\"width\":1017,\"height\":642,\"caption\":\"Twirl Enterprises\"},\"image\":{\"@id\":\"https:\/\/twirl.co.ke\/#\/schema\/logo\/image\/\"}}]}<\/script>\n<!-- \/ Yoast SEO plugin. -->","yoast_head_json":{"title":"DORITOS MILD SALSA 300G - Twirl Enterprises","robots":{"index":"index","follow":"follow","max-snippet":"max-snippet:-1","max-image-preview":"max-image-preview:large","max-video-preview":"max-video-preview:-1"},"canonical":"https:\/\/twirl.co.ke\/index.php\/product\/doritos-mild-salsa-300g\/","og_locale":"en_US","og_type":"article","og_title":"DORITOS MILD SALSA 300G - Twirl Enterprises","og_description":"Mild Salsa &#8211; Load up your Doritos tortilla chips with Mild Salsa Dip to unleash the full...","og_url":"https:\/\/twirl.co.ke\/index.php\/product\/doritos-mild-salsa-300g\/","og_site_name":"Twirl Enterprises","article_modified_time":"2024-11-07T06:31:47+00:00","og_image":[{"width":1200,"height":1200,"url":"https:\/\/twirl.co.ke\/wp-content\/uploads\/2024\/10\/DORITOS-MILD-SALSA-300G.jpg","type":"image\/jpeg"}],"twitter_card":"summary_large_image","twitter_misc":{"Est. reading time":"2 minutes"},"schema":{"@context":"https:\/\/schema.org","@graph":[{"@type":"WebPage","@id":"https:\/\/twirl.co.ke\/index.php\/product\/doritos-mild-salsa-300g\/","url":"https:\/\/twirl.co.ke\/index.php\/product\/doritos-mild-salsa-300g\/","name":"DORITOS MILD SALSA 300G - Twirl Enterprises","isPartOf":{"@id":"https:\/\/twirl.co.ke\/#website"},"primaryImageOfPage":{"@id":"https:\/\/twirl.co.ke\/index.php\/product\/doritos-mild-salsa-300g\/#primaryimage"},"image":{"@id":"https:\/\/twirl.co.ke\/index.php\/product\/doritos-mild-salsa-300g\/#primaryimage"},"thumbnailUrl":"https:\/\/twirl.co.ke\/wp-content\/uploads\/2024\/10\/DORITOS-MILD-SALSA-300G.jpg","datePublished":"2024-10-07T11:27:39+00:00","dateModified":"2024-11-07T06:31:47+00:00","breadcrumb":{"@id":"https:\/\/twirl.co.ke\/index.php\/product\/doritos-mild-salsa-300g\/#breadcrumb"},"inLanguage":"en-US","potentialAction":[{"@type":"ReadAction","target":["https:\/\/twirl.co.ke\/index.php\/product\/doritos-mild-salsa-300g\/"]}]},{"@type":"ImageObject","inLanguage":"en-US","@id":"https:\/\/twirl.co.ke\/index.php\/product\/doritos-mild-salsa-300g\/#primaryimage","url":"https:\/\/twirl.co.ke\/wp-content\/uploads\/2024\/10\/DORITOS-MILD-SALSA-300G.jpg","contentUrl":"https:\/\/twirl.co.ke\/wp-content\/uploads\/2024\/10\/DORITOS-MILD-SALSA-300G.jpg","width":1200,"height":1200},{"@type":"BreadcrumbList","@id":"https:\/\/twirl.co.ke\/index.php\/product\/doritos-mild-salsa-300g\/#breadcrumb","itemListElement":[{"@type":"ListItem","position":1,"name":"Home","item":"https:\/\/twirl.co.ke\/"},{"@type":"ListItem","position":2,"name":"Shop","item":"https:\/\/twirl.co.ke\/index.php\/shop\/"},{"@type":"ListItem","position":3,"name":"DORITOS MILD SALSA 300G"}]},{"@type":"WebSite","@id":"https:\/\/twirl.co.ke\/#website","url":"https:\/\/twirl.co.ke\/","name":"Twirl Enterprises","description":"","publisher":{"@id":"https:\/\/twirl.co.ke\/#organization"},"potentialAction":[{"@type":"SearchAction","target":{"@type":"EntryPoint","urlTemplate":"https:\/\/twirl.co.ke\/?s={search_term_string}"},"query-input":{"@type":"PropertyValueSpecification","valueRequired":true,"valueName":"search_term_string"}}],"inLanguage":"en-US"},{"@type":"Organization","@id":"https:\/\/twirl.co.ke\/#organization","name":"Twirl Enterprises","url":"https:\/\/twirl.co.ke\/","logo":{"@type":"ImageObject","inLanguage":"en-US","@id":"https:\/\/twirl.co.ke\/#\/schema\/logo\/image\/","url":"https:\/\/twirl.co.ke\/wp-content\/uploads\/2024\/09\/Twirl-approved-logo-01.png","contentUrl":"https:\/\/twirl.co.ke\/wp-content\/uploads\/2024\/09\/Twirl-approved-logo-01.png","width":1017,"height":642,"caption":"Twirl Enterprises"},"image":{"@id":"https:\/\/twirl.co.ke\/#\/schema\/logo\/image\/"}}]}},"_links":{"self":[{"href":"https:\/\/twirl.co.ke\/index.php\/wp-json\/wp\/v2\/product\/3355","targetHints":{"allow":["GET"]}}],"collection":[{"href":"https:\/\/twirl.co.ke\/index.php\/wp-json\/wp\/v2\/product"}],"about":[{"href":"https:\/\/twirl.co.ke\/index.php\/wp-json\/wp\/v2\/types\/product"}],"replies":[{"embeddable":true,"href":"https:\/\/twirl.co.ke\/index.php\/wp-json\/wp\/v2\/comments?post=3355"}],"version-history":[{"count":2,"href":"https:\/\/twirl.co.ke\/index.php\/wp-json\/wp\/v2\/product\/3355\/revisions"}],"predecessor-version":[{"id":3368,"href":"https:\/\/twirl.co.ke\/index.php\/wp-json\/wp\/v2\/product\/3355\/revisions\/3368"}],"wp:featuredmedia":[{"embeddable":true,"href":"https:\/\/twirl.co.ke\/index.php\/wp-json\/wp\/v2\/media\/3356"}],"wp:attachment":[{"href":"https:\/\/twirl.co.ke\/index.php\/wp-json\/wp\/v2\/media?parent=3355"}],"wp:term":[{"taxonomy":"brand","embeddable":true,"href":"https:\/\/twirl.co.ke\/index.php\/wp-json\/wp\/v2\/etheme_brands?post=3355"},{"taxonomy":"product_brand","embeddable":true,"href":"https:\/\/twirl.co.ke\/index.php\/wp-json\/wp\/v2\/product_brand?post=3355"},{"taxonomy":"product_cat","embeddable":true,"href":"https:\/\/twirl.co.ke\/index.php\/wp-json\/wp\/v2\/product_cat?post=3355"},{"taxonomy":"product_tag","embeddable":true,"href":"https:\/\/twirl.co.ke\/index.php\/wp-json\/wp\/v2\/product_tag?post=3355"}],"curies":[{"name":"wp","href":"https:\/\/api.w.org\/{rel}","templated":true}]}}